{"id":288,"date":"2022-02-06T11:55:48","date_gmt":"2022-02-06T11:55:48","guid":{"rendered":"https:\/\/cantina5terre.com\/?post_type=product&#038;p=288"},"modified":"2026-02-11T12:03:08","modified_gmt":"2026-02-11T12:03:08","slug":"miele-di-acacia-al-limone","status":"publish","type":"product","link":"https:\/\/cantina5terre.com\/en\/product\/miele-di-acacia-al-limone\/","title":{"rendered":"Miele di Acacia al Limone"},"content":{"rendered":"<p>I mieli prodotti provengono da un ambiente naturalistico di alto pregio, potendosi avvalere, in particolare, della flora che insiste nel PARCO NAZIONALE DELLE 5 TERRE. Parte degli alveari sono infatti posati sulle colline di MANAROLA. Tutti i nostri mieli riposano due mesi nei fusti di acciaio prima di essere messi nei vasetti e decantano per naturale sedimentazione. Non sono filtrati e contengono perci\u00f2 percentuali di polline, pappa reale, propoli ed eventuali residui di cera da favi. Per questo sono pi\u00f9 ricchi in nutrimento dei mieli industriali. Non usiamo nessun prodotto invasivo o pesticida per disinfettare l\u2019arnia e curare le api.<\/p>\n<p>Tutti i mieli possono presentare nel tempo fenomeni di cristallizzazione di tipo irregolare dovuti all\u2019aggregazione dei cristalli di glucosio, in essi naturalmente contenuti. Tale fenomeno non costituisce, in alcun modo, indice di manomissione del prodotto, anzi, \u00e8 da considerarsi prova inconfutabile di assoluta genuinit\u00e0 ed integrit\u00e0 del prodotto stesso che rimane valido sotto ogni aspetto qualitativo e nutrizionale. La cristallizzazione \u00e8 altres\u00ec da considerarsi caratteristica di prodotti non riscaldati o pastorizzati, in conformit\u00e0 con quanto stabilito nella recente legge sul miele, per prodotti da qualificare, eventualmente come \u201cmiele vergine integrale\u201d.<\/p>\n","protected":false},"excerpt":{"rendered":"<p>I mieli prodotti provengono da un ambiente naturalistico di alto pregio, potendosi avvalere, in particolare, della flora che insiste nel PARCO NAZIONALE DELLE 5 TERRE. Parte degli alveari sono infatti posati sulle colline di MANAROLA.<\/p>\n","protected":false},"featured_media":354,"comment_status":"open","ping_status":"closed","template":"","meta":[],"product_brand":[],"product_cat":[26,24],"product_tag":[],"class_list":{"0":"post-288","1":"product","2":"type-product","3":"status-publish","4":"has-post-thumbnail","6":"product_cat-tutti-i-prodotti","7":"product_cat-prodotti-tipici","9":"first","10":"outofstock","11":"shipping-taxable","12":"purchasable","13":"product-type-simple"},"yoast_head":"<!-- This site is optimized with the Yoast SEO plugin v24.5 - https:\/\/yoast.com\/wordpress\/plugins\/seo\/ -->\n<title>Miele di Acacia al Limone - Cantina 5 Terre English<\/title>\n<meta name=\"robots\" content=\"index, follow, max-snippet:-1, max-image-preview:large, max-video-preview:-1\" \/>\n<link rel=\"canonical\" href=\"https:\/\/cantina5terre.com\/en\/product\/miele-di-acacia-al-limone\/\" \/>\n<meta property=\"og:locale\" content=\"en_US\" \/>\n<meta property=\"og:type\" content=\"article\" \/>\n<meta property=\"og:title\" content=\"Miele di Acacia al Limone - Cantina 5 Terre English\" \/>\n<meta property=\"og:description\" content=\"I mieli prodotti provengono da un ambiente naturalistico di alto pregio, potendosi avvalere, in particolare, della flora che insiste nel PARCO NAZIONALE DELLE 5 TERRE. Parte degli alveari sono infatti posati sulle colline di MANAROLA.\" \/>\n<meta property=\"og:url\" content=\"https:\/\/cantina5terre.com\/en\/product\/miele-di-acacia-al-limone\/\" \/>\n<meta property=\"og:site_name\" content=\"Cantina 5 Terre English\" \/>\n<meta property=\"article:modified_time\" content=\"2026-02-11T12:03:08+00:00\" \/>\n<meta property=\"og:image\" content=\"https:\/\/cantina5terre.com\/en\/wp-content\/uploads\/sites\/2\/2022\/02\/marmellata-arance.jpg\" \/>\n\t<meta property=\"og:image:width\" content=\"1500\" \/>\n\t<meta property=\"og:image:height\" content=\"1500\" \/>\n\t<meta property=\"og:image:type\" content=\"image\/jpeg\" \/>\n<meta name=\"twitter:card\" content=\"summary_large_image\" \/>\n<meta name=\"twitter:label1\" content=\"Est. reading time\" \/>\n\t<meta name=\"twitter:data1\" content=\"1 minute\" \/>\n<script type=\"application\/ld+json\" class=\"yoast-schema-graph\">{\"@context\":\"https:\/\/schema.org\",\"@graph\":[{\"@type\":\"WebPage\",\"@id\":\"https:\/\/cantina5terre.com\/en\/product\/miele-di-acacia-al-limone\/\",\"url\":\"https:\/\/cantina5terre.com\/en\/product\/miele-di-acacia-al-limone\/\",\"name\":\"Miele di Acacia al Limone - Cantina 5 Terre English\",\"isPartOf\":{\"@id\":\"https:\/\/cantina5terre.com\/en\/#website\"},\"primaryImageOfPage\":{\"@id\":\"https:\/\/cantina5terre.com\/en\/product\/miele-di-acacia-al-limone\/#primaryimage\"},\"image\":{\"@id\":\"https:\/\/cantina5terre.com\/en\/product\/miele-di-acacia-al-limone\/#primaryimage\"},\"thumbnailUrl\":\"https:\/\/cantina5terre.com\/en\/wp-content\/uploads\/sites\/2\/2022\/02\/marmellata-arance.jpg\",\"datePublished\":\"2022-02-06T11:55:48+00:00\",\"dateModified\":\"2026-02-11T12:03:08+00:00\",\"breadcrumb\":{\"@id\":\"https:\/\/cantina5terre.com\/en\/product\/miele-di-acacia-al-limone\/#breadcrumb\"},\"inLanguage\":\"en-US\",\"potentialAction\":[{\"@type\":\"ReadAction\",\"target\":[\"https:\/\/cantina5terre.com\/en\/product\/miele-di-acacia-al-limone\/\"]}]},{\"@type\":\"ImageObject\",\"inLanguage\":\"en-US\",\"@id\":\"https:\/\/cantina5terre.com\/en\/product\/miele-di-acacia-al-limone\/#primaryimage\",\"url\":\"https:\/\/cantina5terre.com\/en\/wp-content\/uploads\/sites\/2\/2022\/02\/marmellata-arance.jpg\",\"contentUrl\":\"https:\/\/cantina5terre.com\/en\/wp-content\/uploads\/sites\/2\/2022\/02\/marmellata-arance.jpg\",\"width\":1500,\"height\":1500},{\"@type\":\"BreadcrumbList\",\"@id\":\"https:\/\/cantina5terre.com\/en\/product\/miele-di-acacia-al-limone\/#breadcrumb\",\"itemListElement\":[{\"@type\":\"ListItem\",\"position\":1,\"name\":\"Home\",\"item\":\"https:\/\/cantina5terre.com\/en\/\"},{\"@type\":\"ListItem\",\"position\":2,\"name\":\"Shop\",\"item\":\"https:\/\/cantina5terre.com\/en\/shop\/\"},{\"@type\":\"ListItem\",\"position\":3,\"name\":\"Miele di Acacia al Limone\"}]},{\"@type\":\"WebSite\",\"@id\":\"https:\/\/cantina5terre.com\/en\/#website\",\"url\":\"https:\/\/cantina5terre.com\/en\/\",\"name\":\"Cantina 5 Terre English\",\"description\":\"Dalla nostra terra con amore\",\"potentialAction\":[{\"@type\":\"SearchAction\",\"target\":{\"@type\":\"EntryPoint\",\"urlTemplate\":\"https:\/\/cantina5terre.com\/en\/?s={search_term_string}\"},\"query-input\":{\"@type\":\"PropertyValueSpecification\",\"valueRequired\":true,\"valueName\":\"search_term_string\"}}],\"inLanguage\":\"en-US\"}]}<\/script>\n<!-- \/ Yoast SEO plugin. -->","yoast_head_json":{"title":"Miele di Acacia al Limone - Cantina 5 Terre English","robots":{"index":"index","follow":"follow","max-snippet":"max-snippet:-1","max-image-preview":"max-image-preview:large","max-video-preview":"max-video-preview:-1"},"canonical":"https:\/\/cantina5terre.com\/en\/product\/miele-di-acacia-al-limone\/","og_locale":"en_US","og_type":"article","og_title":"Miele di Acacia al Limone - Cantina 5 Terre English","og_description":"I mieli prodotti provengono da un ambiente naturalistico di alto pregio, potendosi avvalere, in particolare, della flora che insiste nel PARCO NAZIONALE DELLE 5 TERRE. Parte degli alveari sono infatti posati sulle colline di MANAROLA.","og_url":"https:\/\/cantina5terre.com\/en\/product\/miele-di-acacia-al-limone\/","og_site_name":"Cantina 5 Terre English","article_modified_time":"2026-02-11T12:03:08+00:00","og_image":[{"width":1500,"height":1500,"url":"https:\/\/cantina5terre.com\/en\/wp-content\/uploads\/sites\/2\/2022\/02\/marmellata-arance.jpg","type":"image\/jpeg"}],"twitter_card":"summary_large_image","twitter_misc":{"Est. reading time":"1 minute"},"schema":{"@context":"https:\/\/schema.org","@graph":[{"@type":"WebPage","@id":"https:\/\/cantina5terre.com\/en\/product\/miele-di-acacia-al-limone\/","url":"https:\/\/cantina5terre.com\/en\/product\/miele-di-acacia-al-limone\/","name":"Miele di Acacia al Limone - Cantina 5 Terre English","isPartOf":{"@id":"https:\/\/cantina5terre.com\/en\/#website"},"primaryImageOfPage":{"@id":"https:\/\/cantina5terre.com\/en\/product\/miele-di-acacia-al-limone\/#primaryimage"},"image":{"@id":"https:\/\/cantina5terre.com\/en\/product\/miele-di-acacia-al-limone\/#primaryimage"},"thumbnailUrl":"https:\/\/cantina5terre.com\/en\/wp-content\/uploads\/sites\/2\/2022\/02\/marmellata-arance.jpg","datePublished":"2022-02-06T11:55:48+00:00","dateModified":"2026-02-11T12:03:08+00:00","breadcrumb":{"@id":"https:\/\/cantina5terre.com\/en\/product\/miele-di-acacia-al-limone\/#breadcrumb"},"inLanguage":"en-US","potentialAction":[{"@type":"ReadAction","target":["https:\/\/cantina5terre.com\/en\/product\/miele-di-acacia-al-limone\/"]}]},{"@type":"ImageObject","inLanguage":"en-US","@id":"https:\/\/cantina5terre.com\/en\/product\/miele-di-acacia-al-limone\/#primaryimage","url":"https:\/\/cantina5terre.com\/en\/wp-content\/uploads\/sites\/2\/2022\/02\/marmellata-arance.jpg","contentUrl":"https:\/\/cantina5terre.com\/en\/wp-content\/uploads\/sites\/2\/2022\/02\/marmellata-arance.jpg","width":1500,"height":1500},{"@type":"BreadcrumbList","@id":"https:\/\/cantina5terre.com\/en\/product\/miele-di-acacia-al-limone\/#breadcrumb","itemListElement":[{"@type":"ListItem","position":1,"name":"Home","item":"https:\/\/cantina5terre.com\/en\/"},{"@type":"ListItem","position":2,"name":"Shop","item":"https:\/\/cantina5terre.com\/en\/shop\/"},{"@type":"ListItem","position":3,"name":"Miele di Acacia al Limone"}]},{"@type":"WebSite","@id":"https:\/\/cantina5terre.com\/en\/#website","url":"https:\/\/cantina5terre.com\/en\/","name":"Cantina 5 Terre English","description":"Dalla nostra terra con amore","potentialAction":[{"@type":"SearchAction","target":{"@type":"EntryPoint","urlTemplate":"https:\/\/cantina5terre.com\/en\/?s={search_term_string}"},"query-input":{"@type":"PropertyValueSpecification","valueRequired":true,"valueName":"search_term_string"}}],"inLanguage":"en-US"}]}},"_links":{"self":[{"href":"https:\/\/cantina5terre.com\/en\/wp-json\/wp\/v2\/product\/288","targetHints":{"allow":["GET"]}}],"collection":[{"href":"https:\/\/cantina5terre.com\/en\/wp-json\/wp\/v2\/product"}],"about":[{"href":"https:\/\/cantina5terre.com\/en\/wp-json\/wp\/v2\/types\/product"}],"replies":[{"embeddable":true,"href":"https:\/\/cantina5terre.com\/en\/wp-json\/wp\/v2\/comments?post=288"}],"wp:featuredmedia":[{"embeddable":true,"href":"https:\/\/cantina5terre.com\/en\/wp-json\/wp\/v2\/media\/354"}],"wp:attachment":[{"href":"https:\/\/cantina5terre.com\/en\/wp-json\/wp\/v2\/media?parent=288"}],"wp:term":[{"taxonomy":"product_brand","embeddable":true,"href":"https:\/\/cantina5terre.com\/en\/wp-json\/wp\/v2\/product_brand?post=288"},{"taxonomy":"product_cat","embeddable":true,"href":"https:\/\/cantina5terre.com\/en\/wp-json\/wp\/v2\/product_cat?post=288"},{"taxonomy":"product_tag","embeddable":true,"href":"https:\/\/cantina5terre.com\/en\/wp-json\/wp\/v2\/product_tag?post=288"}],"curies":[{"name":"wp","href":"https:\/\/api.w.org\/{rel}","templated":true}]}}